{"id":2,"date":"2021-03-30T10:00:50","date_gmt":"2021-03-30T08:00:50","guid":{"rendered":"https:\/\/comptatriox.myskydoowebsite.com\/?page_id=2"},"modified":"2024-10-01T15:57:58","modified_gmt":"2024-10-01T13:57:58","slug":"accueil","status":"publish","type":"page","link":"https:\/\/comptatriox.be\/ro\/","title":{"rendered":"Acas\u0103"},"content":{"rendered":"<div data-elementor-type=\"wp-page\" data-elementor-id=\"2\" class=\"elementor elementor-2\" data-elementor-post-type=\"page\">\n\t\t\t\t<div class=\"elementor-element elementor-element-4e7ba3e e-con-full e-flex e-con e-parent\" data-id=\"4e7ba3e\" data-element_type=\"container\" data-e-type=\"container\" data-settings=\"{&quot;background_background&quot;:&quot;classic&quot;}\">\n\t\t<div class=\"elementor-element elementor-element-ca5c6fc e-con-full e-flex e-con e-child\" data-id=\"ca5c6fc\" data-element_type=\"container\" data-e-type=\"container\">\n\t\t\t\t<div class=\"elementor-element elementor-element-e189b22 elementor-widget elementor-widget-heading\" data-id=\"e189b22\" data-element_type=\"widget\" data-e-type=\"widget\" data-widget_type=\"heading.default\">\n\t\t\t\t<div class=\"elementor-widget-container\">\n\t\t\t\t\t<h1 class=\"elementor-heading-title elementor-size-default\">Servicii profesionale de contabilitate<\/h1>\t\t\t\t<\/div>\n\t\t\t\t<\/div>\n\t\t\t\t<div class=\"elementor-element elementor-element-376b7c5 elementor-widget elementor-widget-text-editor\" data-id=\"376b7c5\" data-element_type=\"widget\" data-e-type=\"widget\" data-widget_type=\"text-editor.default\">\n\t\t\t\t<div class=\"elementor-widget-container\">\n\t\t\t\t\t\t\t\t\t<div class=\"layout-element layout-element--layout layout-element transition transition--slide\" data-v-f5dd3112=\"\" data-animation-state=\"active\"><div id=\"zqqb2z\" class=\"text-box layout-element__component layout-element__component--GridTextBox\" data-v-f5dd3112=\"\" data-qa=\"gridtextbox:zqqb2z\"><p dir=\"auto\" class=\"translation-block\">Descoperi\u021bi serviciile noastre profesionale de contabilitate pentru a v\u0103 ajuta s\u0103 gestiona\u021bi finan\u021bele companiei dumneavoastr\u0103.<\/p><\/div><\/div>\t\t\t\t\t\t\t\t<\/div>\n\t\t\t\t<\/div>\n\t\t\t\t<div class=\"elementor-element elementor-element-00f1601 elementor-widget elementor-widget-button\" data-id=\"00f1601\" data-element_type=\"widget\" data-e-type=\"widget\" data-widget_type=\"button.default\">\n\t\t\t\t<div class=\"elementor-widget-container\">\n\t\t\t\t\t\t\t\t\t<div class=\"elementor-button-wrapper\">\n\t\t\t\t\t<a class=\"elementor-button elementor-button-link elementor-size-sm elementor-animation-grow\" href=\"https:\/\/app.winbooksconnect.be\/auth\" target=\"_blank\" rel=\"nofollow noopener\">\n\t\t\t\t\t\t<span class=\"elementor-button-content-wrapper\">\n\t\t\t\t\t\t\t\t\t<span class=\"elementor-button-text\">Trimite\u021bi documentele dvs. aici<\/span>\n\t\t\t\t\t<\/span>\n\t\t\t\t\t<\/a>\n\t\t\t\t<\/div>\n\t\t\t\t\t\t\t\t<\/div>\n\t\t\t\t<\/div>\n\t\t\t\t<\/div>\n\t\t\t\t<\/div>\n\t\t<div class=\"elementor-element elementor-element-efe7018 e-flex e-con-boxed e-con e-parent\" data-id=\"efe7018\" data-element_type=\"container\" data-e-type=\"container\">\n\t\t\t\t\t<div class=\"e-con-inner\">\n\t\t\t\t<div class=\"elementor-element elementor-element-7868c56 elementor-widget elementor-widget-heading\" data-id=\"7868c56\" data-element_type=\"widget\" data-e-type=\"widget\" data-widget_type=\"heading.default\">\n\t\t\t\t<div class=\"elementor-widget-container\">\n\t\t\t\t\t<h2 class=\"elementor-heading-title elementor-size-default\">Optimiza\u021bi managementul financiar al companiei dvs.<\/h2>\t\t\t\t<\/div>\n\t\t\t\t<\/div>\n\t\t\t\t\t<\/div>\n\t\t\t\t<\/div>\n\t\t<div class=\"elementor-element elementor-element-6ab3677 e-grid e-con-boxed e-con e-parent\" data-id=\"6ab3677\" data-element_type=\"container\" data-e-type=\"container\" data-settings=\"{&quot;background_background&quot;:&quot;classic&quot;}\">\n\t\t\t\t\t<div class=\"e-con-inner\">\n\t\t<div class=\"elementor-element elementor-element-d7af4ad e-con-full e-flex e-con e-child\" data-id=\"d7af4ad\" data-element_type=\"container\" data-e-type=\"container\" data-settings=\"{&quot;background_background&quot;:&quot;classic&quot;}\">\n\t\t\t\t<div class=\"elementor-element elementor-element-f1c2236 elementor-widget elementor-widget-text-editor\" data-id=\"f1c2236\" data-element_type=\"widget\" data-e-type=\"widget\" data-widget_type=\"text-editor.default\">\n\t\t\t\t<div class=\"elementor-widget-container\">\n\t\t\t\t\t\t\t\t\t<div class=\"layout-element layout-element--layout layout-element transition transition--slide\" data-v-f5dd3112=\"\" data-animation-state=\"active\"><div id=\"zGmaxl\" class=\"text-box layout-element__component layout-element__component--GridTextBox\" data-v-f5dd3112=\"\" data-qa=\"gridtextbox:zgmaxl\"><p dir=\"auto\">Gestionarea riguroas\u0103 a contabilit\u0103\u021bii pentru o imagine clar\u0103 a finan\u021belor dumneavoastr\u0103.<\/p><\/div><\/div>\t\t\t\t\t\t\t\t<\/div>\n\t\t\t\t<\/div>\n\t\t\t\t<\/div>\n\t\t<div class=\"elementor-element elementor-element-ce5c76c e-con-full e-flex e-con e-child\" data-id=\"ce5c76c\" data-element_type=\"container\" data-e-type=\"container\" data-settings=\"{&quot;background_background&quot;:&quot;classic&quot;}\">\n\t\t\t\t<div class=\"elementor-element elementor-element-663dd4b elementor-widget elementor-widget-text-editor\" data-id=\"663dd4b\" data-element_type=\"widget\" data-e-type=\"widget\" data-widget_type=\"text-editor.default\">\n\t\t\t\t<div class=\"elementor-widget-container\">\n\t\t\t\t\t\t\t\t\t<p>Declara\u021bii fiscale exacte pentru a asigura conformitatea companiei dumneavoastr\u0103.<\/p>\t\t\t\t\t\t\t\t<\/div>\n\t\t\t\t<\/div>\n\t\t\t\t<\/div>\n\t\t<div class=\"elementor-element elementor-element-5862ee0 e-con-full e-flex e-con e-child\" data-id=\"5862ee0\" data-element_type=\"container\" data-e-type=\"container\" data-settings=\"{&quot;background_background&quot;:&quot;classic&quot;}\">\n\t\t\t\t<div class=\"elementor-element elementor-element-a321df8 elementor-widget elementor-widget-text-editor\" data-id=\"a321df8\" data-element_type=\"widget\" data-e-type=\"widget\" data-widget_type=\"text-editor.default\">\n\t\t\t\t<div class=\"elementor-widget-container\">\n\t\t\t\t\t\t\t\t\t<p>Consultan\u021b\u0103 personalizat\u0103 pentru optimizarea managementului financiar al companiei dumneavoastr\u0103.<\/p>\t\t\t\t\t\t\t\t<\/div>\n\t\t\t\t<\/div>\n\t\t\t\t<\/div>\n\t\t\t\t\t<\/div>\n\t\t\t\t<\/div>\n\t\t<div class=\"elementor-element elementor-element-bcb25a2 e-con-full e-flex e-con e-parent\" data-id=\"bcb25a2\" data-element_type=\"container\" data-e-type=\"container\">\n\t\t<div class=\"elementor-element elementor-element-62c0a7d e-flex e-con-boxed e-con e-child\" data-id=\"62c0a7d\" data-element_type=\"container\" data-e-type=\"container\">\n\t\t\t\t\t<div class=\"e-con-inner\">\n\t\t\t\t<div class=\"elementor-element elementor-element-1bff27c elementor-widget elementor-widget-heading\" data-id=\"1bff27c\" data-element_type=\"widget\" data-e-type=\"widget\" data-widget_type=\"heading.default\">\n\t\t\t\t<div class=\"elementor-widget-container\">\n\t\t\t\t\t<h2 class=\"elementor-heading-title elementor-size-default\">Despre Compta Triox<\/h2>\t\t\t\t<\/div>\n\t\t\t\t<\/div>\n\t\t\t\t<div class=\"elementor-element elementor-element-aa9af86 elementor-drop-cap-yes elementor-drop-cap-view-default elementor-widget elementor-widget-text-editor\" data-id=\"aa9af86\" data-element_type=\"widget\" data-e-type=\"widget\" data-settings=\"{&quot;drop_cap&quot;:&quot;yes&quot;}\" data-widget_type=\"text-editor.default\">\n\t\t\t\t<div class=\"elementor-widget-container\">\n\t\t\t\t\t\t\t\t\t<p class=\"body\" dir=\"auto\">Compta Triox este o firm\u0103 de contabilitate cu o abordare uman\u0103, pun\u00e2nd un accent deosebit pe rela\u021biile personale \u0219i pe comunicare. Ne intereseaz\u0103 \u00eencotro se \u00eendreapt\u0103 clien\u021bii no\u0219tri, deoarece scopul nostru este s\u0103 \u00eei ajut\u0103m s\u0103 creasc\u0103 \u0219i s\u0103 se dezvolte.<\/p><p class=\"body\" dir=\"auto\">Credem cu t\u0103rie c\u0103, \u00een acest domeniu, claritatea \u0219i comunicarea merg m\u00e2n\u0103 \u00een m\u00e2n\u0103. Prin comunicarea deschis\u0103 \u0219i transparent\u0103, putem oferi un sprijin real, av\u00e2nd \u00eentotdeauna \u00een vedere interesele clientului.<\/p><p dir=\"auto\">La Compta Triox ne angaj\u0103m s\u0103 oferim servicii contabile de \u00eenalt\u0103 calitate, \u00een\u021beleg\u00e2nd nevoile \u0219i obiectivele fiec\u0103rui client. Indiferent de complexitatea cazului, suntem aici pentru a oferi solu\u021bii eficiente \u0219i personalizate, cu capacitatea de a ne adapta la nevoile clientului \u0219i, \u00een acela\u0219i timp, de a \u00eendeplini cerin\u021bele pie\u021bei. Ne asigur\u0103m c\u0103 fiecare client se simte apreciat \u0219i \u00een\u021beles. Datorit\u0103 profesionalismului \u0219i angajamentului nostru, transform\u0103m provoc\u0103rile contabile \u00een oportunit\u0103\u021bi de cre\u0219tere \u0219i succes pentru afacerea dumneavoastr\u0103.<\/p>\t\t\t\t\t\t\t\t<\/div>\n\t\t\t\t<\/div>\n\t\t\t\t\t<\/div>\n\t\t\t\t<\/div>\n\t\t<div class=\"elementor-element elementor-element-468f373 e-flex e-con-boxed e-con e-child\" data-id=\"468f373\" data-element_type=\"container\" data-e-type=\"container\" data-settings=\"{&quot;background_background&quot;:&quot;classic&quot;}\">\n\t\t\t\t\t<div class=\"e-con-inner\">\n\t\t\t\t\t<\/div>\n\t\t\t\t<\/div>\n\t\t\t\t<\/div>\n\t\t<div class=\"elementor-element elementor-element-e2a8f0a e-flex e-con-boxed e-con e-parent\" data-id=\"e2a8f0a\" data-element_type=\"container\" data-e-type=\"container\">\n\t\t\t\t\t<div class=\"e-con-inner\">\n\t\t\t\t<div class=\"elementor-element elementor-element-b1ba405 elementor-widget elementor-widget-heading\" data-id=\"b1ba405\" data-element_type=\"widget\" data-e-type=\"widget\" data-widget_type=\"heading.default\">\n\t\t\t\t<div class=\"elementor-widget-container\">\n\t\t\t\t\t<h2 class=\"elementor-heading-title elementor-size-default\">Servicii profesionale de contabilitate<\/h2>\t\t\t\t<\/div>\n\t\t\t\t<\/div>\n\t\t\t\t<div class=\"elementor-element elementor-element-74c75bd elementor-widget elementor-widget-text-editor\" data-id=\"74c75bd\" data-element_type=\"widget\" data-e-type=\"widget\" data-widget_type=\"text-editor.default\">\n\t\t\t\t<div class=\"elementor-widget-container\">\n\t\t\t\t\t\t\t\t\t<p>Afla\u021bi mai multe despre serviciile noastre profesionale de contabilitate pentru \u00eentreprinderi de toate dimensiunile.<\/p>\t\t\t\t\t\t\t\t<\/div>\n\t\t\t\t<\/div>\n\t\t\t\t\t<\/div>\n\t\t\t\t<\/div>\n\t\t<div class=\"elementor-element elementor-element-081588a e-flex e-con-boxed e-con e-parent\" data-id=\"081588a\" data-element_type=\"container\" data-e-type=\"container\">\n\t\t\t\t\t<div class=\"e-con-inner\">\n\t\t<div class=\"elementor-element elementor-element-95012a2 e-con-full e-flex e-con e-child\" data-id=\"95012a2\" data-element_type=\"container\" data-e-type=\"container\">\n\t\t\t\t<div class=\"elementor-element elementor-element-69ed1f4 elementor-widget elementor-widget-heading\" data-id=\"69ed1f4\" data-element_type=\"widget\" data-e-type=\"widget\" data-widget_type=\"heading.default\">\n\t\t\t\t<div class=\"elementor-widget-container\">\n\t\t\t\t\t<h2 class=\"elementor-heading-title elementor-size-default\">Declara\u021bii fiscale exacte<\/h2>\t\t\t\t<\/div>\n\t\t\t\t<\/div>\n\t\t\t\t<div class=\"elementor-element elementor-element-3a4180b elementor-widget elementor-widget-text-editor\" data-id=\"3a4180b\" data-element_type=\"widget\" data-e-type=\"widget\" data-widget_type=\"text-editor.default\">\n\t\t\t\t<div class=\"elementor-widget-container\">\n\t\t\t\t\t\t\t\t\t<p>V\u0103 putem ajuta s\u0103 v\u0103 preg\u0103ti\u021bi \u0219i s\u0103 v\u0103 depune\u021bi declara\u021biile fiscale \u00een mod corect \u0219i fiabil.<\/p>\t\t\t\t\t\t\t\t<\/div>\n\t\t\t\t<\/div>\n\t\t\t\t<\/div>\n\t\t<div class=\"elementor-element elementor-element-a6429e7 e-con-full e-flex e-con e-child\" data-id=\"a6429e7\" data-element_type=\"container\" data-e-type=\"container\" data-settings=\"{&quot;background_background&quot;:&quot;classic&quot;}\">\n\t\t\t\t<\/div>\n\t\t\t\t\t<\/div>\n\t\t\t\t<\/div>\n\t\t<div class=\"elementor-element elementor-element-0632b12 e-flex e-con-boxed e-con e-parent\" data-id=\"0632b12\" data-element_type=\"container\" data-e-type=\"container\">\n\t\t\t\t\t<div class=\"e-con-inner\">\n\t\t<div class=\"elementor-element elementor-element-9558c27 e-con-full e-flex e-con e-child\" data-id=\"9558c27\" data-element_type=\"container\" data-e-type=\"container\">\n\t\t\t\t<div class=\"elementor-element elementor-element-72398dc elementor-widget elementor-widget-heading\" data-id=\"72398dc\" data-element_type=\"widget\" data-e-type=\"widget\" data-widget_type=\"heading.default\">\n\t\t\t\t<div class=\"elementor-widget-container\">\n\t\t\t\t\t<h2 class=\"elementor-heading-title elementor-size-default\">Contabilitate lunar\u0103<\/h2>\t\t\t\t<\/div>\n\t\t\t\t<\/div>\n\t\t\t\t<div class=\"elementor-element elementor-element-94dd10e elementor-widget elementor-widget-text-editor\" data-id=\"94dd10e\" data-element_type=\"widget\" data-e-type=\"widget\" data-widget_type=\"text-editor.default\">\n\t\t\t\t<div class=\"elementor-widget-container\">\n\t\t\t\t\t\t\t\t\t<p>\u00cencredin\u021ba\u021bi-ne gestionarea registrelor dvs. lunare pentru o contabilitate impecabil\u0103.<\/p>\t\t\t\t\t\t\t\t<\/div>\n\t\t\t\t<\/div>\n\t\t\t\t<\/div>\n\t\t<div class=\"elementor-element elementor-element-7ae54b3 e-con-full e-flex e-con e-child\" data-id=\"7ae54b3\" data-element_type=\"container\" data-e-type=\"container\" data-settings=\"{&quot;background_background&quot;:&quot;classic&quot;}\">\n\t\t\t\t<\/div>\n\t\t\t\t\t<\/div>\n\t\t\t\t<\/div>\n\t\t\t\t<\/div>","protected":false},"excerpt":{"rendered":"<p>Services Comptables Professionnels D\u00e9couvrez nos services comptables professionnels pour vous accompagner dans la gestion financi\u00e8re de votre entreprise. D\u00e9posez vos documents ici Optimisez la gestion financi\u00e8re de votre entreprise Gestion comptable rigoureuse pour une vision claire de vos finances. D\u00e9clarations fiscales pr\u00e9cises pour assurer la conformit\u00e9 de votre entreprise. Conseils personnalis\u00e9s pour optimiser la gestion [&hellip;]<\/p>\n","protected":false},"author":1,"featured_media":0,"parent":0,"menu_order":0,"comment_status":"closed","ping_status":"closed","template":"","meta":{"footnotes":""},"class_list":["post-2","page","type-page","status-publish","hentry"],"_links":{"self":[{"href":"https:\/\/comptatriox.be\/ro\/wp-json\/wp\/v2\/pages\/2","targetHints":{"allow":["GET"]}}],"collection":[{"href":"https:\/\/comptatriox.be\/ro\/wp-json\/wp\/v2\/pages"}],"about":[{"href":"https:\/\/comptatriox.be\/ro\/wp-json\/wp\/v2\/types\/page"}],"author":[{"embeddable":true,"href":"https:\/\/comptatriox.be\/ro\/wp-json\/wp\/v2\/users\/1"}],"replies":[{"embeddable":true,"href":"https:\/\/comptatriox.be\/ro\/wp-json\/wp\/v2\/comments?post=2"}],"version-history":[{"count":342,"href":"https:\/\/comptatriox.be\/ro\/wp-json\/wp\/v2\/pages\/2\/revisions"}],"predecessor-version":[{"id":1321,"href":"https:\/\/comptatriox.be\/ro\/wp-json\/wp\/v2\/pages\/2\/revisions\/1321"}],"wp:attachment":[{"href":"https:\/\/comptatriox.be\/ro\/wp-json\/wp\/v2\/media?parent=2"}],"curies":[{"name":"wp","href":"https:\/\/api.w.org\/{rel}","templated":true}]}}