{"id":208,"date":"2024-09-17T11:02:38","date_gmt":"2024-09-17T09:02:38","guid":{"rendered":"https:\/\/comptatriox.myskydoowebsite.com\/?page_id=208"},"modified":"2024-10-28T15:50:50","modified_gmt":"2024-10-28T14:50:50","slug":"a-propos","status":"publish","type":"page","link":"https:\/\/comptatriox.be\/nl\/a-propos\/","title":{"rendered":"Over ons"},"content":{"rendered":"<div data-elementor-type=\"wp-page\" data-elementor-id=\"208\" class=\"elementor elementor-208\" data-elementor-post-type=\"page\">\n\t\t\t\t<div class=\"elementor-element elementor-element-95259c2 e-con-full e-flex e-con e-parent\" data-id=\"95259c2\" data-element_type=\"container\" data-e-type=\"container\" data-settings=\"{&quot;background_background&quot;:&quot;classic&quot;}\">\n\t\t<div class=\"elementor-element elementor-element-6cfa0ca e-con-full e-flex e-con e-child\" data-id=\"6cfa0ca\" data-element_type=\"container\" data-e-type=\"container\">\n\t\t\t\t<div class=\"elementor-element elementor-element-2328adb elementor-widget elementor-widget-heading\" data-id=\"2328adb\" data-element_type=\"widget\" data-e-type=\"widget\" data-widget_type=\"heading.default\">\n\t\t\t\t<div class=\"elementor-widget-container\">\n\t\t\t\t\t<h1 class=\"elementor-heading-title elementor-size-default\">Over ons<\/h1>\t\t\t\t<\/div>\n\t\t\t\t<\/div>\n\t\t\t\t<div class=\"elementor-element elementor-element-80a5974 elementor-widget elementor-widget-text-editor\" data-id=\"80a5974\" data-element_type=\"widget\" data-e-type=\"widget\" data-widget_type=\"text-editor.default\">\n\t\t\t\t<div class=\"elementor-widget-container\">\n\t\t\t\t\t\t\t\t\t<p>Ontdek onze geschiedenis, onze waarden en onze toewijding om u oplossingen op maat te bieden.<\/p>\t\t\t\t\t\t\t\t<\/div>\n\t\t\t\t<\/div>\n\t\t\t\t<div class=\"elementor-element elementor-element-af0e56a elementor-widget elementor-widget-button\" data-id=\"af0e56a\" data-element_type=\"widget\" data-e-type=\"widget\" data-widget_type=\"button.default\">\n\t\t\t\t<div class=\"elementor-widget-container\">\n\t\t\t\t\t\t\t\t\t<div class=\"elementor-button-wrapper\">\n\t\t\t\t\t<a class=\"elementor-button elementor-button-link elementor-size-sm elementor-animation-grow\" href=\"tel:+3228807408\">\n\t\t\t\t\t\t<span class=\"elementor-button-content-wrapper\">\n\t\t\t\t\t\t\t\t\t<span class=\"elementor-button-text\">+32 28 80 74 08<\/span>\n\t\t\t\t\t<\/span>\n\t\t\t\t\t<\/a>\n\t\t\t\t<\/div>\n\t\t\t\t\t\t\t\t<\/div>\n\t\t\t\t<\/div>\n\t\t\t\t<\/div>\n\t\t\t\t<\/div>\n\t\t<div class=\"elementor-element elementor-element-e96a193 e-con-full e-flex e-con e-parent\" data-id=\"e96a193\" data-element_type=\"container\" data-e-type=\"container\">\n\t\t<div class=\"elementor-element elementor-element-d977dce e-flex e-con-boxed e-con e-child\" data-id=\"d977dce\" data-element_type=\"container\" data-e-type=\"container\">\n\t\t\t\t\t<div class=\"e-con-inner\">\n\t\t\t\t<div class=\"elementor-element elementor-element-86e91f6 elementor-widget elementor-widget-heading\" data-id=\"86e91f6\" data-element_type=\"widget\" data-e-type=\"widget\" data-widget_type=\"heading.default\">\n\t\t\t\t<div class=\"elementor-widget-container\">\n\t\t\t\t\t<h2 class=\"elementor-heading-title elementor-size-default\">Over Compta Triox<\/h2>\t\t\t\t<\/div>\n\t\t\t\t<\/div>\n\t\t\t\t<div class=\"elementor-element elementor-element-28835ce elementor-drop-cap-yes elementor-drop-cap-view-default elementor-widget elementor-widget-text-editor\" data-id=\"28835ce\" data-element_type=\"widget\" data-e-type=\"widget\" data-settings=\"{&quot;drop_cap&quot;:&quot;yes&quot;}\" data-widget_type=\"text-editor.default\">\n\t\t\t\t<div class=\"elementor-widget-container\">\n\t\t\t\t\t\t\t\t\t<p class=\"body\" dir=\"auto\">Compta Triox is een accountantskantoor met een menselijke benadering, waarbij de nadruk ligt op persoonlijke relaties en communicatie. Wij geven om waar onze klanten naartoe gaan, omdat het ons doel is hen te helpen groeien en ontwikkelen.<\/p><p class=\"body\" dir=\"auto\">We zijn ervan overtuigd dat duidelijkheid en communicatie op dit gebied hand in hand gaan. Door open en transparant te communiceren kunnen we echte ondersteuning bieden, waarbij we altijd het belang van de klant voor ogen houden.<\/p><p dir=\"auto\">Bij Compta Triox zetten we ons in voor het leveren van boekhoudkundige diensten van hoge kwaliteit, waarbij we de behoeften en doelstellingen van elke klant begrijpen. Ongeacht de complexiteit van de zaak zijn we er om effectieve en persoonlijke oplossingen te bieden, met het vermogen om ons aan te passen aan de behoeften van de klant en tegelijkertijd te voldoen aan de eisen van de markt. We zorgen ervoor dat elke klant zich gewaardeerd en begrepen voelt. Dankzij onze professionaliteit en betrokkenheid veranderen we boekhoudkundige uitdagingen in kansen voor groei en succes voor uw bedrijf.<\/p>\t\t\t\t\t\t\t\t<\/div>\n\t\t\t\t<\/div>\n\t\t\t\t\t<\/div>\n\t\t\t\t<\/div>\n\t\t<div class=\"elementor-element elementor-element-a65ca21 e-flex e-con-boxed e-con e-child\" data-id=\"a65ca21\" data-element_type=\"container\" data-e-type=\"container\" data-settings=\"{&quot;background_background&quot;:&quot;classic&quot;}\">\n\t\t\t\t\t<div class=\"e-con-inner\">\n\t\t\t\t\t<\/div>\n\t\t\t\t<\/div>\n\t\t\t\t<\/div>\n\t\t<div class=\"elementor-element elementor-element-d8fb130 e-flex e-con-boxed e-con e-parent\" data-id=\"d8fb130\" data-element_type=\"container\" data-e-type=\"container\">\n\t\t\t\t\t<div class=\"e-con-inner\">\n\t\t\t\t<div class=\"elementor-element elementor-element-76ad470 elementor-widget elementor-widget-heading\" data-id=\"76ad470\" data-element_type=\"widget\" data-e-type=\"widget\" data-widget_type=\"heading.default\">\n\t\t\t\t<div class=\"elementor-widget-container\">\n\t\t\t\t\t<h2 class=\"elementor-heading-title elementor-size-default\">Boekhouddiensten<\/h2>\t\t\t\t<\/div>\n\t\t\t\t<\/div>\n\t\t\t\t<div class=\"elementor-element elementor-element-be9db82 elementor-widget elementor-widget-text-editor\" data-id=\"be9db82\" data-element_type=\"widget\" data-e-type=\"widget\" data-widget_type=\"text-editor.default\">\n\t\t\t\t<div class=\"elementor-widget-container\">\n\t\t\t\t\t\t\t\t\t<p>Ontdek onze professionele boekhouddiensten voor optimaal financieel beheer.<\/p>\t\t\t\t\t\t\t\t<\/div>\n\t\t\t\t<\/div>\n\t\t\t\t\t<\/div>\n\t\t\t\t<\/div>\n\t\t<div class=\"elementor-element elementor-element-3c27b61 e-con-full e-flex e-con e-parent\" data-id=\"3c27b61\" data-element_type=\"container\" data-e-type=\"container\">\n\t\t<div class=\"elementor-element elementor-element-0875fa5 e-con-full e-flex e-con e-child\" data-id=\"0875fa5\" data-element_type=\"container\" data-e-type=\"container\" data-settings=\"{&quot;background_background&quot;:&quot;classic&quot;}\">\n\t\t\t\t<\/div>\n\t\t<div class=\"elementor-element elementor-element-95644f4 e-con-full e-flex e-con e-child\" data-id=\"95644f4\" data-element_type=\"container\" data-e-type=\"container\" data-settings=\"{&quot;background_background&quot;:&quot;classic&quot;}\">\n\t\t\t\t<\/div>\n\t\t\t\t<\/div>\n\t\t<div class=\"elementor-element elementor-element-0a370f7 e-con-full e-flex e-con e-parent\" data-id=\"0a370f7\" data-element_type=\"container\" data-e-type=\"container\">\n\t\t<div class=\"elementor-element elementor-element-dffead9 e-con-full e-flex e-con e-child\" data-id=\"dffead9\" data-element_type=\"container\" data-e-type=\"container\" data-settings=\"{&quot;background_background&quot;:&quot;classic&quot;}\">\n\t\t\t\t<\/div>\n\t\t<div class=\"elementor-element elementor-element-dee9781 e-con-full e-flex e-con e-child\" data-id=\"dee9781\" data-element_type=\"container\" data-e-type=\"container\" data-settings=\"{&quot;background_background&quot;:&quot;classic&quot;}\">\n\t\t\t\t<\/div>\n\t\t\t\t<\/div>\n\t\t\t\t<\/div>","protected":false},"excerpt":{"rendered":"<p>\u00c0 propos D\u00e9couvrez notre histoire, nos valeurs et notre engagement \u00e0 vous offrir des solutions sur mesure. +32 28 80 74 08 \u00c0 propos de Compta Triox Compta Triox est un cabinet de comptabilit\u00e9 avec une approche humaine, mettant un accent particulier sur la relation personnelle et la communication. Nous nous soucions de la direction [&hellip;]<\/p>\n","protected":false},"author":1,"featured_media":0,"parent":0,"menu_order":0,"comment_status":"closed","ping_status":"closed","template":"","meta":{"footnotes":""},"class_list":["post-208","page","type-page","status-publish","hentry"],"_links":{"self":[{"href":"https:\/\/comptatriox.be\/nl\/wp-json\/wp\/v2\/pages\/208","targetHints":{"allow":["GET"]}}],"collection":[{"href":"https:\/\/comptatriox.be\/nl\/wp-json\/wp\/v2\/pages"}],"about":[{"href":"https:\/\/comptatriox.be\/nl\/wp-json\/wp\/v2\/types\/page"}],"author":[{"embeddable":true,"href":"https:\/\/comptatriox.be\/nl\/wp-json\/wp\/v2\/users\/1"}],"replies":[{"embeddable":true,"href":"https:\/\/comptatriox.be\/nl\/wp-json\/wp\/v2\/comments?post=208"}],"version-history":[{"count":118,"href":"https:\/\/comptatriox.be\/nl\/wp-json\/wp\/v2\/pages\/208\/revisions"}],"predecessor-version":[{"id":1341,"href":"https:\/\/comptatriox.be\/nl\/wp-json\/wp\/v2\/pages\/208\/revisions\/1341"}],"wp:attachment":[{"href":"https:\/\/comptatriox.be\/nl\/wp-json\/wp\/v2\/media?parent=208"}],"curies":[{"name":"wp","href":"https:\/\/api.w.org\/{rel}","templated":true}]}}